{"id":201,"date":"2018-12-07T12:51:06","date_gmt":"2018-12-07T12:51:06","guid":{"rendered":"https:\/\/alrushdjournal.com\/?page_id=201"},"modified":"2024-04-29T14:16:43","modified_gmt":"2024-04-29T14:16:43","slug":"all-courses","status":"publish","type":"page","link":"https:\/\/alrushdjournal.com\/?page_id=201","title":{"rendered":"Editorial Board"},"content":{"rendered":"\t\t<div data-elementor-type=\"wp-post\" data-elementor-id=\"201\" class=\"elementor elementor-201\">\n\t\t\t\t\t\t<section class=\"elementor-section elementor-top-section elementor-element elementor-element-65ddfad3 elementor-section-boxed elementor-section-height-default elementor-section-height-default\" data-id=\"65ddfad3\" data-element_type=\"section\" data-e-type=\"section\" data-settings=\"{&quot;background_background&quot;:&quot;gradient&quot;}\">\n\t\t\t\t\t\t<div class=\"elementor-container elementor-column-gap-default\">\n\t\t\t\t\t<div class=\"elementor-column elementor-col-100 elementor-top-column elementor-element elementor-element-c947ffe\" data-id=\"c947ffe\" data-element_type=\"column\" data-e-type=\"column\">\n\t\t\t<div class=\"elementor-widget-wrap elementor-element-populated\">\n\t\t\t\t\t\t<div class=\"elementor-element elementor-element-d59b049 elementor-widget elementor-widget-image-box\" data-id=\"d59b049\" data-element_type=\"widget\" data-e-type=\"widget\" data-widget_type=\"image-box.default\">\n\t\t\t\t<div class=\"elementor-widget-container\">\n\t\t\t\t\t<div class=\"elementor-image-box-wrapper\"><div class=\"elementor-image-box-content\"><h1 class=\"elementor-image-box-title\">Editorial Board<\/h1><\/div><\/div>\t\t\t\t<\/div>\n\t\t\t\t<\/div>\n\t\t\t\t\t<\/div>\n\t\t<\/div>\n\t\t\t\t\t<\/div>\n\t\t<\/section>\n\t\t\t\t<section class=\"elementor-section elementor-top-section elementor-element elementor-element-422ee72c elementor-section-boxed elementor-section-height-default elementor-section-height-default\" data-id=\"422ee72c\" data-element_type=\"section\" data-e-type=\"section\">\n\t\t\t\t\t\t<div class=\"elementor-container elementor-column-gap-default\">\n\t\t\t\t\t<div class=\"elementor-column elementor-col-100 elementor-top-column elementor-element elementor-element-46b1ba77\" data-id=\"46b1ba77\" data-element_type=\"column\" data-e-type=\"column\">\n\t\t\t<div class=\"elementor-widget-wrap\">\n\t\t\t\t\t\t\t<\/div>\n\t\t<\/div>\n\t\t\t\t\t<\/div>\n\t\t<\/section>\n\t\t\t\t<section class=\"elementor-section elementor-top-section elementor-element elementor-element-ac8914e elementor-section-boxed elementor-section-height-default elementor-section-height-default\" data-id=\"ac8914e\" data-element_type=\"section\" data-e-type=\"section\" data-settings=\"{&quot;background_background&quot;:&quot;classic&quot;,&quot;shape_divider_top&quot;:&quot;waves&quot;}\">\n\t\t\t\t\t<div class=\"elementor-shape elementor-shape-top\" aria-hidden=\"true\" data-negative=\"false\">\n\t\t\t<svg xmlns=\"http:\/\/www.w3.org\/2000\/svg\" viewBox=\"0 0 1000 100\" preserveAspectRatio=\"none\">\n\t<path class=\"elementor-shape-fill\" d=\"M421.9,6.5c22.6-2.5,51.5,0.4,75.5,5.3c23.6,4.9,70.9,23.5,100.5,35.7c75.8,32.2,133.7,44.5,192.6,49.7\n\tc23.6,2.1,48.7,3.5,103.4-2.5c54.7-6,106.2-25.6,106.2-25.6V0H0v30.3c0,0,72,32.6,158.4,30.5c39.2-0.7,92.8-6.7,134-22.4\n\tc21.2-8.1,52.2-18.2,79.7-24.2C399.3,7.9,411.6,7.5,421.9,6.5z\"\/>\n<\/svg>\t\t<\/div>\n\t\t\t\t\t<div class=\"elementor-container elementor-column-gap-default\">\n\t\t\t\t\t<div class=\"elementor-column elementor-col-100 elementor-top-column elementor-element elementor-element-3eb719e\" data-id=\"3eb719e\" data-element_type=\"column\" data-e-type=\"column\">\n\t\t\t<div class=\"elementor-widget-wrap elementor-element-populated\">\n\t\t\t\t\t\t<div class=\"elementor-element elementor-element-f614d96 elementor-widget elementor-widget-heading\" data-id=\"f614d96\" data-element_type=\"widget\" data-e-type=\"widget\" data-widget_type=\"heading.default\">\n\t\t\t\t<div class=\"elementor-widget-container\">\n\t\t\t\t\t<h2 class=\"elementor-heading-title elementor-size-default\">\u0623\u0639\u0636\u0627\u0621 \u0647\u064a\u0626\u0629 \u0627\u0644\u062a\u062d\u0631\u064a\u0631<\/h2>\t\t\t\t<\/div>\n\t\t\t\t<\/div>\n\t\t\t\t<section class=\"elementor-section elementor-inner-section elementor-element elementor-element-182e227 elementor-section-boxed elementor-section-height-default elementor-section-height-default\" data-id=\"182e227\" data-element_type=\"section\" data-e-type=\"section\">\n\t\t\t\t\t\t<div class=\"elementor-container elementor-column-gap-default\">\n\t\t\t\t\t<div class=\"elementor-column elementor-col-33 elementor-inner-column elementor-element elementor-element-b2452be\" data-id=\"b2452be\" data-element_type=\"column\" data-e-type=\"column\" data-settings=\"{&quot;background_background&quot;:&quot;classic&quot;}\">\n\t\t\t<div class=\"elementor-widget-wrap elementor-element-populated\">\n\t\t\t\t\t\t<div class=\"elementor-element elementor-element-4c03d1c elementor-widget elementor-widget-testimonial\" data-id=\"4c03d1c\" data-element_type=\"widget\" data-e-type=\"widget\" data-widget_type=\"testimonial.default\">\n\t\t\t\t<div class=\"elementor-widget-container\">\n\t\t\t\t\t\t\t<div class=\"elementor-testimonial-wrapper\">\n\t\t\t\t\t\t\t<div class=\"elementor-testimonial-content\"><b>\u062f. \u0631\u0645\u0636\u0627\u0646 \u0639\u0645\u0631<br>\nRamadan Omar <br>\nramadanomer48@gmail.com<br>\n\u0627\u0644\u0644\u063a\u0629 \u0627\u0644\u0639\u0631\u0628\u064a\u0629\u060c \u0623\u062f\u0628 \u0639\u0631\u0628\u064a\u060c \u0628\u0644\u0627\u063a\u0629 \u0648\u0646\u0642\u062f<br>\n\u0623\u0633\u062a\u0627\u0630 \u0641\u064a \u062c\u0627\u0645\u0639\u0629 \u062d\u0631\u0627\u0646 - \u062a\u0631\u0643\u064a\u0627\n<\/b><\/div>\n\t\t\t\n\t\t\t\t\t<\/div>\n\t\t\t\t\t\t<\/div>\n\t\t\t\t<\/div>\n\t\t\t\t\t<\/div>\n\t\t<\/div>\n\t\t\t\t<div class=\"elementor-column elementor-col-33 elementor-inner-column elementor-element elementor-element-72e0cf1\" data-id=\"72e0cf1\" data-element_type=\"column\" data-e-type=\"column\" data-settings=\"{&quot;background_background&quot;:&quot;classic&quot;}\">\n\t\t\t<div class=\"elementor-widget-wrap elementor-element-populated\">\n\t\t\t\t\t\t<div class=\"elementor-element elementor-element-a424713 elementor-widget elementor-widget-testimonial\" data-id=\"a424713\" data-element_type=\"widget\" data-e-type=\"widget\" data-widget_type=\"testimonial.default\">\n\t\t\t\t<div class=\"elementor-widget-container\">\n\t\t\t\t\t\t\t<div class=\"elementor-testimonial-wrapper\">\n\t\t\t\t\t\t\t<div class=\"elementor-testimonial-content\"><b>Dr. Aiitmamat KARIEV,<br>\n Karabuk University, Faculty of <br>Theology, Islamic Law Department,<br> \nk.aytmamat@gmail.com<\/b><\/div>\n\t\t\t\n\t\t\t\t\t<\/div>\n\t\t\t\t\t\t<\/div>\n\t\t\t\t<\/div>\n\t\t\t\t\t<\/div>\n\t\t<\/div>\n\t\t\t\t<div class=\"elementor-column elementor-col-33 elementor-inner-column elementor-element elementor-element-de0eaa1\" data-id=\"de0eaa1\" data-element_type=\"column\" data-e-type=\"column\" data-settings=\"{&quot;background_background&quot;:&quot;classic&quot;}\">\n\t\t\t<div class=\"elementor-widget-wrap elementor-element-populated\">\n\t\t\t\t\t\t<div class=\"elementor-element elementor-element-4304ec2 elementor-widget elementor-widget-testimonial\" data-id=\"4304ec2\" data-element_type=\"widget\" data-e-type=\"widget\" data-widget_type=\"testimonial.default\">\n\t\t\t\t<div class=\"elementor-widget-container\">\n\t\t\t\t\t\t\t<div class=\"elementor-testimonial-wrapper\">\n\t\t\t\t\t\t\t<div class=\"elementor-testimonial-content\"><b>\u062f. \u064a\u0627\u0633\u0645\u064a\u0646 \u062c\u0645\u0627\u0644 \u0631\u0634\u064a\u062f \u0627\u0644\u062c\u064a\u0648\u0633\u064a<br>\nYasmeen jamal rasheed al-jayosi<br>\nYasmen Gayose<br>\n jasmin.jayosi@yahoo.com<br>\n\u062a\u062e\u0635\u0635 \u0639\u0642\u064a\u062f\u0629 \u0648\u0641\u0644\u0633\u0641\u0629 \u0625\u0633\u0644\u0627\u0645\u064a\u0629\u060c \u0623\u062f\u064a\u0627\u0646 \u0648\u0641\u0631\u0642<br>\n\u0627\u0644\u0623\u0631\u062f\u0646- \u0639\u0645\u0627\u0646\n<\/b><\/div>\n\t\t\t\n\t\t\t\t\t<\/div>\n\t\t\t\t\t\t<\/div>\n\t\t\t\t<\/div>\n\t\t\t\t\t<\/div>\n\t\t<\/div>\n\t\t\t\t\t<\/div>\n\t\t<\/section>\n\t\t\t\t<section class=\"elementor-section elementor-inner-section elementor-element elementor-element-23a91cc elementor-section-boxed elementor-section-height-default elementor-section-height-default\" data-id=\"23a91cc\" data-element_type=\"section\" data-e-type=\"section\">\n\t\t\t\t\t\t<div class=\"elementor-container elementor-column-gap-default\">\n\t\t\t\t\t<div class=\"elementor-column elementor-col-33 elementor-inner-column elementor-element elementor-element-74b44e5\" data-id=\"74b44e5\" data-element_type=\"column\" data-e-type=\"column\" data-settings=\"{&quot;background_background&quot;:&quot;classic&quot;}\">\n\t\t\t<div class=\"elementor-widget-wrap elementor-element-populated\">\n\t\t\t\t\t\t<div class=\"elementor-element elementor-element-578e680 elementor-widget elementor-widget-testimonial\" data-id=\"578e680\" data-element_type=\"widget\" data-e-type=\"widget\" data-widget_type=\"testimonial.default\">\n\t\t\t\t<div class=\"elementor-widget-container\">\n\t\t\t\t\t\t\t<div class=\"elementor-testimonial-wrapper\">\n\t\t\t\t\t\t\t<div class=\"elementor-testimonial-content\"><b>\n\u062f. \u0623\u062d\u0645\u062f \u0641\u0627\u064a\u0632 \u0627\u0644\u0647\u0631\u0634<br>\nAhmad HERSH<br>\nAfayh0011@yahoo.com<br>\n\u0627\u0644\u0627\u0642\u062a\u0635\u0627\u062f \u0648\u0627\u0644\u062a\u0645\u0648\u064a\u0644 \u0627\u0644\u0625\u0633\u0644\u0627\u0645\u064a<br>\n\u062c\u0627\u0645\u0639\u0629 \u0623\u0646\u0642\u0631\u0629 \u0644\u0644\u0639\u0644\u0648\u0645 \u0627\u0644\u0627\u062c\u062a\u0645\u0627\u0639\u064a\u0629<br>\n\u062a\u0631\u0643\u064a\u0627 - \u0623\u0646\u0642\u0631\u0629<\/b><\/div>\n\t\t\t\n\t\t\t\t\t<\/div>\n\t\t\t\t\t\t<\/div>\n\t\t\t\t<\/div>\n\t\t\t\t\t<\/div>\n\t\t<\/div>\n\t\t\t\t<div class=\"elementor-column elementor-col-33 elementor-inner-column elementor-element elementor-element-e315fbc\" data-id=\"e315fbc\" data-element_type=\"column\" data-e-type=\"column\" data-settings=\"{&quot;background_background&quot;:&quot;classic&quot;}\">\n\t\t\t<div class=\"elementor-widget-wrap elementor-element-populated\">\n\t\t\t\t\t\t<div class=\"elementor-element elementor-element-f5d46f6 elementor-widget elementor-widget-testimonial\" data-id=\"f5d46f6\" data-element_type=\"widget\" data-e-type=\"widget\" data-widget_type=\"testimonial.default\">\n\t\t\t\t<div class=\"elementor-widget-container\">\n\t\t\t\t\t\t\t<div class=\"elementor-testimonial-wrapper\">\n\t\t\t\t\t\t\t<div class=\"elementor-testimonial-content\"><b>\u062f. \u062d\u0645\u0632\u0629 \u0641\u0631\u062d\u0627\u0646<br>\nHamza FERHAN<br>\nhamzah_f@hotmail.com<br>\n\u0639\u0644\u0645 \u0627\u0644\u0627\u062c\u062a\u0645\u0627\u0639 \u0627\u0644\u062f\u064a\u0646\u064a<br>\n\u062a\u0631\u0643\u064a\u0627 - \u0627\u0633\u0637\u0646\u0628\u0648\u0644<\/b><\/div>\n\t\t\t\n\t\t\t\t\t<\/div>\n\t\t\t\t\t\t<\/div>\n\t\t\t\t<\/div>\n\t\t\t\t\t<\/div>\n\t\t<\/div>\n\t\t\t\t<div class=\"elementor-column elementor-col-33 elementor-inner-column elementor-element elementor-element-791390b\" data-id=\"791390b\" data-element_type=\"column\" data-e-type=\"column\" data-settings=\"{&quot;background_background&quot;:&quot;classic&quot;}\">\n\t\t\t<div class=\"elementor-widget-wrap elementor-element-populated\">\n\t\t\t\t\t\t<div class=\"elementor-element elementor-element-5a8852e elementor-widget elementor-widget-testimonial\" data-id=\"5a8852e\" data-element_type=\"widget\" data-e-type=\"widget\" data-widget_type=\"testimonial.default\">\n\t\t\t\t<div class=\"elementor-widget-container\">\n\t\t\t\t\t\t\t<div class=\"elementor-testimonial-wrapper\">\n\t\t\t\t\t\t\t<div class=\"elementor-testimonial-content\"><b>\u062f. \u062e\u0627\u0644\u062f \u0627\u0644\u062f\u064a\u0631\u0634\u0627\u0648\u064a<br>\nDr. \u00d6\u011fr. \u00dcyesi: Khaled DERSHWI<br>\nKhaleddershwi@karabuk.edu.tr<br>\n\u0627\u0644\u0641\u0642\u0647 \u0648\u0623\u0635\u0648\u0644\u0647\u060c \u0641\u064a \u0627\u0644\u0645\u0635\u0631\u0641\u064a\u0629 \u0648\u0627\u0644\u062a\u0645\u0648\u064a\u0644 \u0627\u0644\u0625\u0633\u0644\u0627\u0645\u064a \u0645\u0646 \u0645\u0627\u0644\u064a\u0632\u064a\u0627<br>\n\u062c\u0627\u0645\u0639\u0629 \u0643\u0631\u0627\u0628\u0648\u0643<br>\u062a\u0631\u0643\u064a\u0627 - \u0643\u0627\u0631\u0627\u0628\u0648\u0643<\/b><\/div>\n\t\t\t\n\t\t\t\t\t<\/div>\n\t\t\t\t\t\t<\/div>\n\t\t\t\t<\/div>\n\t\t\t\t\t<\/div>\n\t\t<\/div>\n\t\t\t\t\t<\/div>\n\t\t<\/section>\n\t\t\t\t\t<\/div>\n\t\t<\/div>\n\t\t\t\t\t<\/div>\n\t\t<\/section>\n\t\t\t\t<\/div>\n\t\t","protected":false},"excerpt":{"rendered":"<p>Editorial Board \u0623\u0639\u0636\u0627\u0621 \u0647\u064a\u0626\u0629 \u0627\u0644\u062a\u062d\u0631\u064a\u0631 \u062f. \u0631\u0645\u0636\u0627\u0646 \u0639\u0645\u0631 Ramadan Omar ramadanomer48@gmail.com \u0627\u0644\u0644\u063a\u0629 \u0627\u0644\u0639\u0631\u0628\u064a\u0629\u060c \u0623\u062f\u0628 \u0639\u0631\u0628\u064a\u060c \u0628\u0644\u0627\u063a\u0629 \u0648\u0646\u0642\u062f \u0623\u0633\u062a\u0627\u0630 \u0641\u064a \u062c\u0627\u0645\u0639\u0629 \u062d\u0631\u0627\u0646 &#8211; \u062a\u0631\u0643\u064a\u0627 Dr. Aiitmamat KARIEV, Karabuk University, Faculty of Theology, Islamic Law Department, k.aytmamat@gmail.com \u062f. \u064a\u0627\u0633\u0645\u064a\u0646 \u062c\u0645\u0627\u0644 \u0631\u0634\u064a\u062f \u0627\u0644\u062c\u064a\u0648\u0633\u064a Yasmeen jamal rasheed al-jayosi Yasmen Gayose jasmin.jayosi@yahoo.com \u062a\u062e\u0635\u0635 \u0639\u0642\u064a\u062f\u0629 \u0648\u0641\u0644\u0633\u0641\u0629 \u0625\u0633\u0644\u0627\u0645\u064a\u0629\u060c \u0623\u062f\u064a\u0627\u0646 \u0648\u0641\u0631\u0642 \u0627\u0644\u0623\u0631\u062f\u0646- \u0639\u0645\u0627\u0646 [&hellip;]<\/p>\n","protected":false},"author":1,"featured_media":0,"parent":0,"menu_order":0,"comment_status":"closed","ping_status":"closed","template":"","meta":{"om_disable_all_campaigns":false,"_monsterinsights_skip_tracking":false,"_monsterinsights_sitenote_active":false,"_monsterinsights_sitenote_note":"","_monsterinsights_sitenote_category":0,"site-sidebar-layout":"no-sidebar","site-content-layout":"page-builder","ast-site-content-layout":"default","site-content-style":"default","site-sidebar-style":"default","ast-global-header-display":"","ast-banner-title-visibility":"","ast-main-header-display":"","ast-hfb-above-header-display":"","ast-hfb-below-header-display":"","ast-hfb-mobile-header-display":"","site-post-title":"disabled","ast-breadcrumbs-content":"","ast-featured-img":"disabled","footer-sml-layout":"","ast-disable-related-posts":"","theme-transparent-header-meta":"enabled","adv-header-id-meta":"","stick-header-meta":"","header-above-stick-meta":"","header-main-stick-meta":"","header-below-stick-meta":"","astra-migrate-meta-layouts":"default","ast-page-background-enabled":"default","ast-page-background-meta":{"desktop":{"background-color":"","background-image":"","background-repeat":"repeat","background-position":"center center","background-size":"auto","background-attachment":"scroll","background-type":"","background-media":"","overlay-type":"","overlay-color":"","overlay-opacity":"","overlay-gradient":""},"tablet":{"background-color":"","background-image":"","background-repeat":"repeat","background-position":"center center","background-size":"auto","background-attachment":"scroll","background-type":"","background-media":"","overlay-type":"","overlay-color":"","overlay-opacity":"","overlay-gradient":""},"mobile":{"background-color":"","background-image":"","background-repeat":"repeat","background-position":"center center","background-size":"auto","background-attachment":"scroll","background-type":"","background-media":"","overlay-type":"","overlay-color":"","overlay-opacity":"","overlay-gradient":""}},"ast-content-background-meta":{"desktop":{"background-color":"var(--ast-global-color-5)","background-image":"","background-repeat":"repeat","background-position":"center center","background-size":"auto","background-attachment":"scroll","background-type":"","background-media":"","overlay-type":"","overlay-color":"","overlay-opacity":"","overlay-gradient":""},"tablet":{"background-color":"var(--ast-global-color-5)","background-image":"","background-repeat":"repeat","background-position":"center center","background-size":"auto","background-attachment":"scroll","background-type":"","background-media":"","overlay-type":"","overlay-color":"","overlay-opacity":"","overlay-gradient":""},"mobile":{"background-color":"var(--ast-global-color-5)","background-image":"","background-repeat":"repeat","background-position":"center center","background-size":"auto","background-attachment":"scroll","background-type":"","background-media":"","overlay-type":"","overlay-color":"","overlay-opacity":"","overlay-gradient":""}},"footnotes":""},"class_list":["post-201","page","type-page","status-publish","hentry"],"aioseo_notices":[],"_links":{"self":[{"href":"https:\/\/alrushdjournal.com\/index.php?rest_route=\/wp\/v2\/pages\/201","targetHints":{"allow":["GET"]}}],"collection":[{"href":"https:\/\/alrushdjournal.com\/index.php?rest_route=\/wp\/v2\/pages"}],"about":[{"href":"https:\/\/alrushdjournal.com\/index.php?rest_route=\/wp\/v2\/types\/page"}],"author":[{"embeddable":true,"href":"https:\/\/alrushdjournal.com\/index.php?rest_route=\/wp\/v2\/users\/1"}],"replies":[{"embeddable":true,"href":"https:\/\/alrushdjournal.com\/index.php?rest_route=%2Fwp%2Fv2%2Fcomments&post=201"}],"version-history":[{"count":11,"href":"https:\/\/alrushdjournal.com\/index.php?rest_route=\/wp\/v2\/pages\/201\/revisions"}],"predecessor-version":[{"id":25466,"href":"https:\/\/alrushdjournal.com\/index.php?rest_route=\/wp\/v2\/pages\/201\/revisions\/25466"}],"wp:attachment":[{"href":"https:\/\/alrushdjournal.com\/index.php?rest_route=%2Fwp%2Fv2%2Fmedia&parent=201"}],"curies":[{"name":"wp","href":"https:\/\/api.w.org\/{rel}","templated":true}]}}